{"id":56,"date":"2014-10-17T14:37:36","date_gmt":"2014-10-17T12:37:36","guid":{"rendered":"https:\/\/profesorjerzysadowski.pl\/?page_id=56"},"modified":"2017-02-10T09:09:32","modified_gmt":"2017-02-10T08:09:32","slug":"biografia","status":"publish","type":"page","link":"https:\/\/profesorjerzysadowski.pl\/en\/biografia\/","title":{"rendered":"Biography"},"content":{"rendered":"<p><span style=\"color: #993300;\"><strong>THE COURSE OF SCIENTIFIC CAREER<\/strong><\/span><br \/>\n\u2022 Full professor, 2009.<br \/>\n\u2022 Associate professor, 2003.<br \/>\n\u2022 PhD with habilitation in Medical Sciences: Evaluation of usefulness of homogenic (allogenic) aortic grafts in the surgical treatment of aneurysms of the ascending aorta, 1995.<br \/>\n\u2022 PhD in Medical Sciences: Analysis of recommendations and results of surgical treatment of hypertension resulting from renal artery stenosis. Supervisor: Antoni Dziatkowiak, PhD with habilitation in Medicine, 1978.<\/p>\n<p><strong><span style=\"color: #993300;\">PROFESSIONAL EXPERIENCE<\/span><\/strong><\/p>\n<p>\u2022 Head of the Clinical Department of Cardiovascular Surgery and Transplantology, 2014.<br \/>\n\u2022 Director of the Institute of Cardiology of the Jagiellonian University Medical College, 2008\u20132014.<br \/>\n\u2022 Head of the Department and Vice-director of the Institute of Cardiology, Jagiellonian University Medical College, 2001.<br \/>\n\u2022 The title of specialist in the field of cardiac surgery, 1991.<br \/>\n\u2022 Second-degree specialization in general surgery, 1979.<br \/>\n\u2022 First-degree specialization in general surgery, 1973.<br \/>\n\u2022 Postgraduate internship at Sonnenberg Hospital in \u0141\u00f3d\u017a, 1969.<br \/>\n\u2022 Graduation from the Medical University of \u0141\u00f3d\u017a \u2013 diploma of Doctor of Medicine, 1968.<br \/>\nPROFESSIONAL IMPROVEMENT<br \/>\n\u2022 Clinic for Thoracic and Cardiovascular Surgery, Heinrich-Heine University of D\u00fcsseldorf (Germany), under the supervision of Prof. Wolfgang Bircks, 1983\u20131984.<br \/>\n\u2022 Cardiac Surgery Clinic, University of Erlagen (Germany), Deutsches Herzzentrum Berlin (Germany), 1992\/repeatedly.<br \/>\n\u2022 Currently, collaboration with Herzzentrum Nordrhein-Westfalen of the University Bochum in Bad Oeynhausen (Germany) \u2013 Director: Prof. R.K\u00f6rfer; Herz-und Gef\u00e4\u00dfchirurgische Klinik in Bad Neustadt (Germany) \u2013 Director: Prof. R. Hacker.<br \/>\n\u2022 Additionally, internships in Hamburg, Duisburg, Milan, California.<br \/>\n<strong><span style=\"color: #993300;\">PARTICIPATION IN ORGANIZATIONS (POLITICAL, SCIENTIFIC, SOCIAL, RELIGIOUS, ASSOCIATIONS)<br \/>\n<\/span><span style=\"color: #993300;\">TO DATE:<\/span><\/strong><\/p>\n<p>\u2022 President of the Section of Cardiac Surgery and vice-president of the Krak\u00f3w Branch of the Polish Cardiac Society, where he previously served as Vice-president of the Polish Cardiac Society,<br \/>\n\u2022 Member of the Board of the Association of Polish Surgeons,<br \/>\n\u2022 Member of the Polish Angiological Society,<br \/>\n\u2022 Member of the Polish Transplantation Society,<br \/>\n\u2022 Vice-president of the Polish Association of Cardio-Thoracic Surgeons (The European Association for Cardio-Thoracic Surgery).<br \/>\n\u2022 President of the Heart Surgeons Club, which he founded in 1986 under the name Polish Club of Young Cardiac Surgeons.<br \/>\n\u2022 Member of the Polish Cardiac Surgeons Club.<br \/>\n\u2022 Deputy member of the permanent Jagiellonian University Senate Committee for Distinctions and Awards.<br \/>\n\u2022 Member of the Commission for European Integration of the Jagiellonian University Medical College.<\/p>\n<p><strong><span style=\"color: #993300;\">PERFORMED FUNCTIONS<\/span><\/strong><\/p>\n<p>\u2022 Regional consultant in the field of clinical transplantology for the Ma\u0142opolska region 1999\u20132002 (appointed by the Minister of Health and Social Welfare).<br \/>\n\u2022 Member of Clinical Treatment Sciences Section of the Committee for Scientific Research 2000\u20132002.<br \/>\n\u2022 Regional consultant in the field of Cardiac Surgery for the Ma\u0142opolskie and \u015awi\u0119tokrzyskie Provinces, 2002.<br \/>\n\u2022 Member of the team of experts for the development of a program of specialization in the field of cardiac surgery (appointed by the Ma\u0142opolska Governor for Advisory Council for Health Protection \u2013 by the regulation of the Minister of Health), 2002.<br \/>\n\u2022 Member of the Permanent Rector Commission for Clinical Matters (appointed by the decision of the Rector of the Jagiellonian University), 2002.<\/p>\n<p><strong><span style=\"color: #993300;\">SOCIAL ACTIVITY<\/span><\/strong><\/p>\n<p>Co-organizer of the International Symposium on Cardiac Surgery in 1997 to celebrate the opening of the new Clinic of Cardiovascular Surgery and Transplantology, Jagiellonian University Medical College and blessing it by Pope John Paul II.<\/p>\n<p><strong><span style=\"color: #993300;\">CURRENTLY:<\/span><\/strong><\/p>\n<p>\u2022 Representative of the Rector of the Jagiellonian University for cooperation with the Municipality and the City of Zakopane.<br \/>\n\u2022 Member of the charity club called Lion\u2019s Club International Krak\u00f3w \u2013 Old Town from 1990.<\/p>\n<p><strong><span style=\"color: #993300;\">HONORABLE MENTIONS:<\/span><\/strong><\/p>\n<p>\u2022 Gazeta Krakowska\u2019s Man of the Year, 2007.<br \/>\n\u2022 Award of the Minister of Health and Social Welfare For Services for Health Care, 2007<br \/>\n\u2022 Ma\u0142opolanin of the Year, Award of the Association of Municipalities and Districts of Ma\u0142opolska, 2008.<br \/>\n\u2022 Member of the Krak\u00f3w Club, 2008.<\/p>\n","protected":false},"excerpt":{"rendered":"<p class=\"excerpt\">THE COURSE OF SCIENTIFIC CAREER \u2022 Full professor, 2009. \u2022 Associate professor, 2003. \u2022 PhD with habilitation in Medical Sciences: Evaluation of usefulness of homogenic (allogenic) aortic grafts in the surgical treatment of aneurysms of the ascending aorta, 1995. \u2022 PhD in Medical Sciences: Analysis of recommendations and results of surgical treatment of hypertension resulting from renal artery stenosis. Supervisor:&hellip;<\/p>\n<p class=\"more-link-p\"><a class=\"btn btn-default\" href=\"https:\/\/profesorjerzysadowski.pl\/en\/biografia\/\">Read more<\/a><\/p>\n","protected":false},"author":1,"featured_media":0,"parent":0,"menu_order":0,"comment_status":"closed","ping_status":"open","template":"","meta":[],"_links":{"self":[{"href":"https:\/\/profesorjerzysadowski.pl\/en\/wp-json\/wp\/v2\/pages\/56"}],"collection":[{"href":"https:\/\/profesorjerzysadowski.pl\/en\/wp-json\/wp\/v2\/pages"}],"about":[{"href":"https:\/\/profesorjerzysadowski.pl\/en\/wp-json\/wp\/v2\/types\/page"}],"author":[{"embeddable":true,"href":"https:\/\/profesorjerzysadowski.pl\/en\/wp-json\/wp\/v2\/users\/1"}],"replies":[{"embeddable":true,"href":"https:\/\/profesorjerzysadowski.pl\/en\/wp-json\/wp\/v2\/comments?post=56"}],"version-history":[{"count":10,"href":"https:\/\/profesorjerzysadowski.pl\/en\/wp-json\/wp\/v2\/pages\/56\/revisions"}],"predecessor-version":[{"id":661,"href":"https:\/\/profesorjerzysadowski.pl\/en\/wp-json\/wp\/v2\/pages\/56\/revisions\/661"}],"wp:attachment":[{"href":"https:\/\/profesorjerzysadowski.pl\/en\/wp-json\/wp\/v2\/media?parent=56"}],"curies":[{"name":"wp","href":"https:\/\/api.w.org\/{rel}","templated":true}]}}