{"id":538,"date":"2014-12-03T15:47:45","date_gmt":"2014-12-03T14:47:45","guid":{"rendered":"https:\/\/profesorjerzysadowski.pl\/?page_id=538"},"modified":"2015-06-02T09:16:58","modified_gmt":"2015-06-02T07:16:58","slug":"galerie-2","status":"publish","type":"page","link":"https:\/\/profesorjerzysadowski.pl\/en\/galerie-2\/","title":{"rendered":"Galleries"},"content":{"rendered":"<p style=\"text-align: center;\">At Work \u00a0 \u00a0 \u00a0 \u00a0 \u00a0 \u00a0 \u00a0 \u00a0 \u00a0 \u00a0 \u00a0 \u00a0 \u00a0 \u00a0 \u00a0 \u00a0 \u00a0 \u00a0 \u00a0 \u00a0 After Hours\u00a0 \u00a0 \u00a0 \u00a0 \u00a0 \u00a0 \u00a0 \u00a0 \u00a0 \u00a0 \u00a0 \u00a0 \u00a0 \u00a0 \u00a0 \u00a0From the Heart<\/p>\n<p style=\"text-align: center;\"><span class=\"wp-easy-gallery\"><span onclick=\"var images=['https:\/\/profesorjerzysadowski.pl\/wp-content\/uploads\/2014\/10\/IMG_9595-1024x682.jpg', 'https:\/\/profesorjerzysadowski.pl\/wp-content\/uploads\/2014\/10\/IMG_9616-1024x682.jpg', 'https:\/\/profesorjerzysadowski.pl\/wp-content\/uploads\/2014\/10\/IMG_9613-1024x682.jpg', 'https:\/\/profesorjerzysadowski.pl\/wp-content\/uploads\/2014\/10\/IMG_9576-682x1024.jpg', 'https:\/\/profesorjerzysadowski.pl\/wp-content\/uploads\/2014\/10\/aaaaaa1.jpg', 'https:\/\/profesorjerzysadowski.pl\/wp-content\/uploads\/2014\/10\/JS_LADNA-1024x682.jpg', 'https:\/\/profesorjerzysadowski.pl\/wp-content\/uploads\/2014\/10\/JS-BOper-682x1024.jpg', 'https:\/\/profesorjerzysadowski.pl\/wp-content\/uploads\/2014\/10\/11.jpg', 'https:\/\/profesorjerzysadowski.pl\/wp-content\/uploads\/2014\/10\/jurek11.jpg', 'https:\/\/profesorjerzysadowski.pl\/wp-content\/uploads\/2014\/10\/10743736_934072419956040_1849688784_n.jpg', 'https:\/\/profesorjerzysadowski.pl\/wp-content\/uploads\/2014\/10\/10743520_934072716622677_621225320_n.jpg', 'https:\/\/profesorjerzysadowski.pl\/wp-content\/uploads\/2014\/10\/10729103_934016576628291_1487074220_n.jpg', 'https:\/\/profesorjerzysadowski.pl\/wp-content\/uploads\/2014\/10\/DSC3044-1024x574.jpg', 'https:\/\/profesorjerzysadowski.pl\/wp-content\/uploads\/2014\/10\/DSC3087-574x1024.jpg', 'https:\/\/profesorjerzysadowski.pl\/wp-content\/uploads\/2014\/10\/IMG_5121-1024x682.jpg', 'https:\/\/profesorjerzysadowski.pl\/wp-content\/uploads\/2014\/10\/IMG_0003-682x1024.jpg', 'https:\/\/profesorjerzysadowski.pl\/wp-content\/uploads\/2014\/10\/IMG_0125-682x1024.jpg', 'https:\/\/profesorjerzysadowski.pl\/wp-content\/uploads\/2014\/10\/IMG_0129-682x1024.jpg', 'https:\/\/profesorjerzysadowski.pl\/wp-content\/uploads\/2017\/02\/EH8.jpg', 'https:\/\/profesorjerzysadowski.pl\/wp-content\/uploads\/2017\/02\/zdrowie.jpg', 'https:\/\/profesorjerzysadowski.pl\/wp-content\/uploads\/2017\/02\/zdrowie2.jpg', 'https:\/\/profesorjerzysadowski.pl\/wp-content\/uploads\/2017\/02\/Zyjmyzassztucz3.jpg', 'https:\/\/profesorjerzysadowski.pl\/wp-content\/uploads\/2017\/02\/zdrowie1.jpg']; var titles=['Przy pracy', 'Przy pracy', 'Przy pracy', 'Przy pracy', 'Przy pracy', '', '', 'Przy pracy', 'Przy pracy', 'Przy pracy', 'Przy pracy', 'Przy pracy', 'Przy pracy', 'Przy pracy', 'Przy pracy', 'Przy pracy', 'Przy pracy', 'Przy pracy', 'Przy pracy', 'Przy pracy', 'Przy pracy', 'Przy pracy', 'Przy pracy']; var descriptions=['Przy pracy', 'Przy pracy', 'Przy pracy', 'Przy pracy', 'Przy pracy', '', '', 'Przy pracy', 'Przy pracy', 'Przy pracy', 'Przy pracy', 'Przy pracy', 'Przy pracy', 'Przy pracy', 'Przy pracy', 'Przy pracy', 'Przy pracy', 'Przy pracy', 'Przy pracy', 'Przy pracy', 'Przy pracy', 'Przy pracy', 'Przy pracy']; jQuery.prettyPhoto.open(images,titles,descriptions);\" title=\"W pracy\" style=\"cursor: pointer;\"><img class=\"dShadow trans\" src=\"https:\/\/profesorjerzysadowski.pl\/wp-content\/uploads\/2014\/10\/IMG_9595-1024x682.jpg\" width='150' height='150' border=\"0\" alt=\"W pracy\" \/><\/span><\/span> \u00a0 \u00a0 \u00a0 \u00a0 \u00a0 \u00a0 \u00a0 \u00a0 <span class=\"wp-easy-gallery\"><span onclick=\"var images=['https:\/\/profesorjerzysadowski.pl\/wp-content\/uploads\/2014\/10\/galaktyka1.jpg', 'https:\/\/profesorjerzysadowski.pl\/wp-content\/uploads\/2014\/10\/mec_miszcz.jpg', 'https:\/\/profesorjerzysadowski.pl\/wp-content\/uploads\/2014\/10\/Prof.Sadowski_JacekCygan_LeopoldKoz\u0142owski_ostatni-KlezmerGalicji-1024x988.jpg', 'https:\/\/profesorjerzysadowski.pl\/wp-content\/uploads\/2014\/10\/Prof.Sadowski_Prez.Majchrowski-764x1024.jpg', 'https:\/\/profesorjerzysadowski.pl\/wp-content\/uploads\/2014\/10\/Prof_Sadowski_KAYAH-MISZCZAK-1024x716.jpg', 'https:\/\/profesorjerzysadowski.pl\/wp-content\/uploads\/2014\/10\/Rysunek2.jpg', 'https:\/\/profesorjerzysadowski.pl\/wp-content\/uploads\/2014\/10\/Zrzut ekranu 2014-10-27 o 20.37.09.png', 'https:\/\/profesorjerzysadowski.pl\/wp-content\/uploads\/2014\/10\/Rysunek14.jpg', 'https:\/\/profesorjerzysadowski.pl\/wp-content\/uploads\/2014\/10\/Zrzut ekranu 2014-10-27 o 20.37.45.png', 'https:\/\/profesorjerzysadowski.pl\/wp-content\/uploads\/2014\/10\/Zrzut ekranu 2014-10-27 o 20.38.01.png', 'https:\/\/profesorjerzysadowski.pl\/wp-content\/uploads\/2014\/10\/IMG_9941 kadr.jpg', 'https:\/\/profesorjerzysadowski.pl\/wp-content\/uploads\/2014\/10\/Rysunek128.jpg', 'https:\/\/profesorjerzysadowski.pl\/wp-content\/uploads\/2014\/11\/Profesor-zdjecie.jpg', 'https:\/\/profesorjerzysadowski.pl\/wp-content\/uploads\/2014\/10\/Rysunek228.jpg', 'https:\/\/profesorjerzysadowski.pl\/wp-content\/uploads\/2014\/11\/fot archiwalne 7.jpg', 'https:\/\/profesorjerzysadowski.pl\/wp-content\/uploads\/2014\/10\/Rysunek312.jpg', 'https:\/\/profesorjerzysadowski.pl\/wp-content\/uploads\/2014\/11\/IMG_0002.JPG', 'https:\/\/profesorjerzysadowski.pl\/wp-content\/uploads\/2014\/10\/Rysunek4 - Kopia.jpg', 'https:\/\/profesorjerzysadowski.pl\/wp-content\/uploads\/2014\/11\/IMG_0001.JPG', 'https:\/\/profesorjerzysadowski.pl\/wp-content\/uploads\/2014\/10\/Rysunek11.jpg', 'https:\/\/profesorjerzysadowski.pl\/wp-content\/uploads\/2014\/11\/IMG_0005.JPG', 'https:\/\/profesorjerzysadowski.pl\/wp-content\/uploads\/2014\/10\/Rysunek12.jpg', 'https:\/\/profesorjerzysadowski.pl\/wp-content\/uploads\/2014\/11\/IMG_0166.JPG', 'https:\/\/profesorjerzysadowski.pl\/wp-content\/uploads\/2017\/02\/IMG_1365.JPG', 'https:\/\/profesorjerzysadowski.pl\/wp-content\/uploads\/2017\/02\/IMG_1450.JPG', 'https:\/\/profesorjerzysadowski.pl\/wp-content\/uploads\/2017\/02\/Zamek PTL 111.jpg', 'https:\/\/profesorjerzysadowski.pl\/wp-content\/uploads\/2017\/03\/17458293_1604992349530707_1309938949358565497_n.jpg']; var titles=['Galaktyka Zdrowia', 'Galaktyka Zdrowia', '', '', '', '', '', '', 'Ma\u0142opolanin Roku 2008', 'Galaktyka Zdrowia', '', '', 'Ryszard Horowitz', '', 'Fotografia Archiwalna', '', 'Ze Zbigniewem Relig\u0105', 'Rysunek4 - Kopia', 'Ze Zbigniewem Relig\u0105', 'Rysunek11', 'Ze Zbigniewem Relig\u0105', 'Rysunek12', 'Ze Zbigniewem Relig\u0105', 'Z dyrygentem T. Koz\u0142owskim', 'Z operatorem Filmowym S. Idziakiem', 'Wreczenie nagrody GLORIA MEDICINAE', 'Pan Mieczys\u0142aw \u015awi\u0119cicki']; var descriptions=['Galaktyka Zdrowia', 'Z Edwardem Miszczakiem', 'Z najstarszym Klezmerem Galicjii Leopoldem Koz\u0142owskim i Jackiem Cyganem', 'Z Prezydentem Majchrowskim', 'Z Kayah', '', 'Z Krzesimirem D\u0119bskim', '', 'Ma\u0142opolanin Roku 2008', ' Andrzej Mleczko z c\u00f3rk\u0105 Ew\u0105, Ewa Wachowicz i moja ma\u0142\u017conka Ewa', 'Z Ma\u0142gorzat\u0105 Foremniak na bloku operacyjnym', '', 'Ryszard Horowitz', '', '', '', '', '', '', '', '', '', '', '', '', '', '']; jQuery.prettyPhoto.open(images,titles,descriptions);\" title=\"Galeria_po_godzinach\" style=\"cursor: pointer;\"><img class=\"dShadow trans\" src=\"https:\/\/profesorjerzysadowski.pl\/wp-content\/uploads\/2014\/10\/Zrzut ekranu 2014-10-27 o 20.38.01.png\" width='150' height='150' border=\"0\" alt=\"Galeria_po_godzinach\" \/><\/span><\/span>\u00a0\u00a0 \u00a0 \u00a0 \u00a0 \u00a0 \u00a0 \u00a0 \u00a0\u00a0<span class=\"wp-easy-gallery\"><span onclick=\"var images=['https:\/\/profesorjerzysadowski.pl\/wp-content\/uploads\/2014\/10\/Rysunek680.jpg', 'https:\/\/profesorjerzysadowski.pl\/wp-content\/uploads\/2014\/10\/Oboje.jpg', 'https:\/\/profesorjerzysadowski.pl\/wp-content\/uploads\/2014\/10\/ewa.jpg', 'https:\/\/profesorjerzysadowski.pl\/wp-content\/uploads\/2014\/10\/1004791_666838743346077_487614494_n.jpg']; var titles=['Pa\u017adziernik\u2026 najpi\u0119kniejszy miesi\u0105c od wielu lat..', 'Szcz\u0119\u015bliwy m\u0105\u017c, kochaj\u0105cy ojciec', '', 'Moja pasja-\u017ceglarstwo']; var descriptions=['Pa\u017adziernik\u2026 najpi\u0119kniejszy miesi\u0105c od wielu lat...', 'Szcz\u0119\u015bliwy m\u0105\u017c, kochaj\u0105cy ojciec', '\u201eJe\u015bli B\u00f3g stworzy\u0142 co\u015b pi\u0119kniejszego od kochaj\u0105cej kobiety, to na pewno pozostawi\u0142 to sobie\u2026\u201d', 'Moja pasja-\u017ceglarstwo']; jQuery.prettyPhoto.open(images,titles,descriptions);\" title=\"Z_Serca\" style=\"cursor: pointer;\"><img class=\"dShadow trans\" src=\"https:\/\/profesorjerzysadowski.pl\/wp-content\/uploads\/2014\/10\/Oboje.jpg\" width='150' height='150' border=\"0\" alt=\"Z_Serca\" \/><\/span><\/span><\/p>\n","protected":false},"excerpt":{"rendered":"<p class=\"excerpt\">At Work \u00a0 \u00a0 \u00a0 \u00a0 \u00a0 \u00a0 \u00a0 \u00a0 \u00a0 \u00a0 \u00a0 \u00a0 \u00a0 \u00a0 \u00a0 \u00a0 \u00a0 \u00a0 \u00a0 \u00a0 After Hours\u00a0 \u00a0 \u00a0 \u00a0 \u00a0 \u00a0 \u00a0 \u00a0 \u00a0 \u00a0 \u00a0 \u00a0 \u00a0 \u00a0 \u00a0 \u00a0From the Heart \u00a0 \u00a0 \u00a0 \u00a0 \u00a0 \u00a0 \u00a0 \u00a0 \u00a0\u00a0 \u00a0 \u00a0 \u00a0 \u00a0 \u00a0 \u00a0 \u00a0\u00a0<\/p>\n<p class=\"more-link-p\"><a class=\"btn btn-default\" href=\"https:\/\/profesorjerzysadowski.pl\/en\/galerie-2\/\">Read more<\/a><\/p>\n","protected":false},"author":1,"featured_media":0,"parent":0,"menu_order":0,"comment_status":"closed","ping_status":"open","template":"","meta":[],"_links":{"self":[{"href":"https:\/\/profesorjerzysadowski.pl\/en\/wp-json\/wp\/v2\/pages\/538"}],"collection":[{"href":"https:\/\/profesorjerzysadowski.pl\/en\/wp-json\/wp\/v2\/pages"}],"about":[{"href":"https:\/\/profesorjerzysadowski.pl\/en\/wp-json\/wp\/v2\/types\/page"}],"author":[{"embeddable":true,"href":"https:\/\/profesorjerzysadowski.pl\/en\/wp-json\/wp\/v2\/users\/1"}],"replies":[{"embeddable":true,"href":"https:\/\/profesorjerzysadowski.pl\/en\/wp-json\/wp\/v2\/comments?post=538"}],"version-history":[{"count":4,"href":"https:\/\/profesorjerzysadowski.pl\/en\/wp-json\/wp\/v2\/pages\/538\/revisions"}],"predecessor-version":[{"id":580,"href":"https:\/\/profesorjerzysadowski.pl\/en\/wp-json\/wp\/v2\/pages\/538\/revisions\/580"}],"wp:attachment":[{"href":"https:\/\/profesorjerzysadowski.pl\/en\/wp-json\/wp\/v2\/media?parent=538"}],"curies":[{"name":"wp","href":"https:\/\/api.w.org\/{rel}","templated":true}]}}