{"id":2,"date":"2014-10-13T18:51:27","date_gmt":"2014-10-13T18:51:27","guid":{"rendered":"https:\/\/profesorjerzysadowski.pl\/?page_id=2"},"modified":"2015-01-14T10:20:36","modified_gmt":"2015-01-14T09:20:36","slug":"przykladowa-strona","status":"publish","type":"page","link":"https:\/\/profesorjerzysadowski.pl\/en\/przykladowa-strona\/","title":{"rendered":"O mnie"},"content":{"rendered":"<p><span style=\"color: #993300;\"><b>PRZEBIEG PRACY ZAWODOWEJ<\/b><\/span><\/p>\n<p>2008 &#8211; 2014 dyrektor Instytutu Kardiologii Colegium Medicum Uniwersytetu Jagiello\u0144skiego<br \/>\n2001 &#8211; pe\u0142nienie funkcji kierownika Kliniki, oraz vice-dyrektora Instytutu Kardiologii Colegium Medicum Uniwersytetu Jagiello\u0144skiego.<\/p>\n<p>1973 &#8211; I stopie\u0144 specjalizacji w zakresie chirurgii og\u00f3lnej.<br \/>\n1979 &#8211; II stopie\u0144 specjalizacji w zakresie chirurgii og\u00f3lnej.<br \/>\n1991 &#8211; tytu\u0142 specjalisty w zakresie kardiochirurgii.<\/p>\n<p><span style=\"color: #993300;\"><b>DOSKONALENIE ZAWODOWE<\/b><\/span><\/p>\n<p>1983-1984 &#8211; Klinika Torako-Kardiochirurgii Uniwersytetu im. H.Heine w Dusseldorfie (Niemcy pod kierunkiem prof. dr Wolfganga Bircksa.<br \/>\n1992 &#8211; Klinika Kardiochirurgii Uniwersytetu Erlagen (Niemcy) Deutsches Herzzentrum Berlin (Niemcy) &#8211; wielokrotnie.<br \/>\nObecnie wsp\u00f3\u0142praca z Herzzentrum Nordrhein-Westfalen Uniwersytetu Bochum w Bad<br \/>\nOeynhausen (Niemcy) &#8211; kierownik prof. dr R.K\u00f6rfer; Herz- und Gef\u00e4\u00dfchirurgische Klinik w Bad Neustadt (Niemcy) &#8211; kierownik prof. dr R. Hacker.<br \/>\nPonadto sta\u017ce w Hamburgu, Duisburgu, Mediolanie, Kalifornii.<\/p>\n<p><span style=\"color: #993300;\"><b>NAGRODY (ODZNACZENIA) I SUKCESY ZAWODOWE<\/b><\/span><\/p>\n<p>Nagrody uzyskane w czasie pracy zawodowej:<br \/>\n&#8211; indywidualna &#8211; III &#8211; Ministra Zdrowia i Opieki Spo\u0142ecznej<br \/>\n&#8211; Z\u0142oty Krzy\u017c Zas\u0142ugi, Krak\u00f3w, 1990 rok;<br \/>\n&#8211; Jubileuszowa Nagroda Rektora za 25 lat pracy, Krak\u00f3w, 1994 rok;<br \/>\n&#8211; indywidualna &#8211; srebrny medal &#8220;Krak\u00f3w 2000&#8221; &#8211; nagroda Prezydenta Miasta Krakowa;<br \/>\n&#8211; Krzy\u017c Kawalerski Orderu Odrodzenia Polski, 2001 rok;<br \/>\n&#8211; indywidualna &#8211; Nagroda miasta Lwowa 2004 za osobisty wk\u0142ad i zaanga\u017cowanie w rozw\u00f3j lwowskiej kardiochirurgii.<\/p>\n<p>&#8211; DOKTORAT HONORIS CAUSA Uniwersytet Medyczny we Lwowie- 2005<\/p>\n<p>Prof. Jerzy Sadowski otrzyma\u0142 godno\u015b\u0107 doktora honoris causa Lwowskiego Narodowego Uniwersytetu Medycznego im. Dani\u0142y Halickiego. Doceniono osi\u0105gni\u0119cia naukowe Profesora oraz jego zas\u0142ugi dla rozwoju wsp\u00f3\u0142pracy mi\u0119dzy Uniwersytetem Jagiello\u0144skim i Lwowskim Narodowym Uniwersytetem Medycznym.<\/p>\n<p><span style=\"color: #993300;\"><b>UDZIA\u0141 W ORGANIZACJACH ( POLITYCZNE, NAUKOWE, SPO\u0141ECZNE, RELIGIJNE, STOWARZYSZENIA)<\/b><\/span><\/p>\n<p>Cz\u0142onek polskich i zagranicznych towarzystw naukowych:<\/p>\n<p>&#8211; Polskiego Towarzystwa Kardiologicznego, gdzie pe\u0142ni\u0142 funkcj\u0119 wiceprzewodnicz\u0105cego, a obecnie &#8211; przewodnicz\u0105cego Sekcji Kardiochirurgii oraz jest wiceprzewodnicz\u0105cym Oddzia\u0142u Krakowskiego Polskiego Towarzystwa Kardiologicznego;<br \/>\n&#8211; Zarz\u0105du Towarzystwa Chirurg\u00f3w Polskich<br \/>\n&#8211; Polskiego Towarzystwa Angiologicznego<br \/>\n&#8211; Polskiego Towarzystwa Transplantologicznego<br \/>\n&#8211; Polskiego Towarzystwa Kardio-Torakochirurg\u00f3w (obecnie pe\u0142ni funkcj\u0119 vice-prezesa)<br \/>\n&#8211; The European Association for Cardio-Thoracic Surgery.<\/p>\n<p>W roku 1986 za\u0142o\u017cy\u0142 Klub M\u0142odych Kardiochirurg\u00f3w Polskich (obecnie Klub Chirurg\u00f3w Serca), w kt\u00f3rym do chwili obecnej pe\u0142ni funkcj\u0119 prezesa. Od 2001 roku jest cz\u0142onkiem Klubu Kardiochirurg\u00f3w Polskich.<br \/>\nOd 1999 roku sprawuje funkcj\u0119 zast\u0119pcy cz\u0142onka w sta\u0142ej Senackiej Komisji UJ ds. Odznacze\u0144 i Nagr\u00f3d.<br \/>\nOd 1999 roku pe\u0142ni funkcj\u0119 cz\u0142onka Komisji ds. Integracji Europejskiej Collegium Medicum UJ.<br \/>\n1999-2002 zosta\u0142 powo\u0142any przez Ministra Zdrowia i Opieki Spo\u0142ecznej na stanowisko konsultanta regionalnego w dziedzinie transplantologii klinicznej dla obszaru wojew\u00f3dztwa ma\u0142opolskiego.<br \/>\n2000-2002 zosta\u0142 powo\u0142any do sk\u0142adu sekcji Nauki Kliniczne Zabiegowe Komitetu Bada\u0144 Naukowych<br \/>\n2002 pe\u0142ni funkcj\u0119 konsultanta regionalnego w dziedzinie kardiochirurgii dla obszaru wojew\u00f3dztwa ma\u0142opolskiego i \u015bwi\u0119tokrzyskiego.<br \/>\n2002 roku zosta\u0142 powo\u0142any rozporz\u0105dzeniem Ministra Zdrowia na cz\u0142onka Zespo\u0142u ekspert\u00f3w do opracowania programu specjalizacji w zakresie kardiochirurgii.<br \/>\n2002 roku zosta\u0142 powo\u0142any przez Wojewod\u0119 Ma\u0142opolskiego do Rady Konsultacyjnej ds. Ochrony Zdrowia.<br \/>\n2002 roku zosta\u0142 powo\u0142any decyzj\u0105 Rektora Uniwersytetu Jagiello\u0144skiego na cz\u0142onka Sta\u0142ej Rektorskiej Komisji ds. Klinicznych.<br \/>\nBy\u0142 wsp\u00f3\u0142organizatorem Mi\u0119dzynarodowego Sympozjum Kardiochirurgicznego w 1997 roku, z okazji otwarcia nowej Kliniki Chirurgii Serca, Naczy\u0144 i Transplantologii CM UJ i po\u015bwi\u0119cenia jej przez Ojca \u015awi\u0119tego Jana Paw\u0142a II<\/p>\n<p>Prowadzi dzia\u0142alno\u015b\u0107 spo\u0142eczn\u0105 b\u0119d\u0105c Pe\u0142nomocnikiem Rektora Uniwersytetu Jagiello\u0144skiego do wsp\u00f3\u0142pracy z Gmin\u0105 i Miastem Zakopane. Od roku 1991 jest cz\u0142onkiem charytatywnego klubu\u00a0 Lion&#8217;s Club International Krak\u00f3w &#8211; Stare Miasto.<\/p>\n","protected":false},"excerpt":{"rendered":"<p class=\"excerpt\">PRZEBIEG PRACY ZAWODOWEJ 2008 &#8211; 2014 dyrektor Instytutu Kardiologii Colegium Medicum Uniwersytetu Jagiello\u0144skiego 2001 &#8211; pe\u0142nienie funkcji kierownika Kliniki, oraz vice-dyrektora Instytutu Kardiologii Colegium Medicum Uniwersytetu Jagiello\u0144skiego. 1973 &#8211; I stopie\u0144 specjalizacji w zakresie chirurgii og\u00f3lnej. 1979 &#8211; II stopie\u0144 specjalizacji w zakresie chirurgii og\u00f3lnej. 1991 &#8211; tytu\u0142 specjalisty w zakresie kardiochirurgii. DOSKONALENIE ZAWODOWE 1983-1984 &#8211; Klinika Torako-Kardiochirurgii Uniwersytetu im.&hellip;<\/p>\n<p class=\"more-link-p\"><a class=\"btn btn-default\" href=\"https:\/\/profesorjerzysadowski.pl\/en\/przykladowa-strona\/\">Read more<\/a><\/p>\n","protected":false},"author":1,"featured_media":0,"parent":0,"menu_order":0,"comment_status":"closed","ping_status":"open","template":"","meta":[],"_links":{"self":[{"href":"https:\/\/profesorjerzysadowski.pl\/en\/wp-json\/wp\/v2\/pages\/2"}],"collection":[{"href":"https:\/\/profesorjerzysadowski.pl\/en\/wp-json\/wp\/v2\/pages"}],"about":[{"href":"https:\/\/profesorjerzysadowski.pl\/en\/wp-json\/wp\/v2\/types\/page"}],"author":[{"embeddable":true,"href":"https:\/\/profesorjerzysadowski.pl\/en\/wp-json\/wp\/v2\/users\/1"}],"replies":[{"embeddable":true,"href":"https:\/\/profesorjerzysadowski.pl\/en\/wp-json\/wp\/v2\/comments?post=2"}],"version-history":[{"count":3,"href":"https:\/\/profesorjerzysadowski.pl\/en\/wp-json\/wp\/v2\/pages\/2\/revisions"}],"predecessor-version":[{"id":63,"href":"https:\/\/profesorjerzysadowski.pl\/en\/wp-json\/wp\/v2\/pages\/2\/revisions\/63"}],"wp:attachment":[{"href":"https:\/\/profesorjerzysadowski.pl\/en\/wp-json\/wp\/v2\/media?parent=2"}],"curies":[{"name":"wp","href":"https:\/\/api.w.org\/{rel}","templated":true}]}}