{"id":120,"date":"2014-10-20T21:02:59","date_gmt":"2014-10-20T19:02:59","guid":{"rendered":"https:\/\/profesorjerzysadowski.pl\/?page_id=120"},"modified":"2015-01-14T10:12:22","modified_gmt":"2015-01-14T09:12:22","slug":"podziekowania","status":"publish","type":"page","link":"https:\/\/profesorjerzysadowski.pl\/en\/podziekowania\/","title":{"rendered":"Thank You note"},"content":{"rendered":"<p>Galeria 1:<\/p>\n<span class=\"wp-easy-gallery\"><span onclick=\"var images=['https:\/\/profesorjerzysadowski.pl\/wp-content\/uploads\/2014\/11\/IMG_3464.JPG', 'https:\/\/profesorjerzysadowski.pl\/wp-content\/uploads\/2014\/11\/IMG_3462.JPG', 'https:\/\/profesorjerzysadowski.pl\/wp-content\/uploads\/2014\/11\/IMG_3466.JPG', 'https:\/\/profesorjerzysadowski.pl\/wp-content\/uploads\/2014\/11\/IMG_3468.JPG', 'https:\/\/profesorjerzysadowski.pl\/wp-content\/uploads\/2014\/11\/IMG_3469.JPG', 'https:\/\/profesorjerzysadowski.pl\/wp-content\/uploads\/2014\/11\/IMG_3472.JPG', 'https:\/\/profesorjerzysadowski.pl\/wp-content\/uploads\/2014\/11\/IMG_3477.JPG', 'https:\/\/profesorjerzysadowski.pl\/wp-content\/uploads\/2014\/11\/IMG_3434.JPG', 'https:\/\/profesorjerzysadowski.pl\/wp-content\/uploads\/2014\/11\/IMG_3430.JPG', 'https:\/\/profesorjerzysadowski.pl\/wp-content\/uploads\/2014\/11\/IMG_3431.JPG', 'https:\/\/profesorjerzysadowski.pl\/wp-content\/uploads\/2014\/11\/IMG_3435.JPG', 'https:\/\/profesorjerzysadowski.pl\/wp-content\/uploads\/2014\/11\/IMG_3438.JPG', 'https:\/\/profesorjerzysadowski.pl\/wp-content\/uploads\/2014\/11\/IMG_3439.JPG', 'https:\/\/profesorjerzysadowski.pl\/wp-content\/uploads\/2014\/11\/IMG_3442.JPG', 'https:\/\/profesorjerzysadowski.pl\/wp-content\/uploads\/2014\/11\/IMG_3440.JPG', 'https:\/\/profesorjerzysadowski.pl\/wp-content\/uploads\/2014\/11\/IMG_3444.JPG', 'https:\/\/profesorjerzysadowski.pl\/wp-content\/uploads\/2014\/11\/IMG_3446.JPG', 'https:\/\/profesorjerzysadowski.pl\/wp-content\/uploads\/2014\/11\/IMG_3445.JPG', 'https:\/\/profesorjerzysadowski.pl\/wp-content\/uploads\/2014\/11\/IMG_3448.JPG', 'https:\/\/profesorjerzysadowski.pl\/wp-content\/uploads\/2014\/11\/IMG_3455.JPG', 'https:\/\/profesorjerzysadowski.pl\/wp-content\/uploads\/2014\/11\/IMG_3452.JPG', 'https:\/\/profesorjerzysadowski.pl\/wp-content\/uploads\/2014\/11\/IMG_3458.JPG', 'https:\/\/profesorjerzysadowski.pl\/wp-content\/uploads\/2014\/11\/IMG_3459.JPG', 'https:\/\/profesorjerzysadowski.pl\/wp-content\/uploads\/2016\/06\/13555853_1328065900556688_1673782670_o.jpg', 'https:\/\/profesorjerzysadowski.pl\/wp-content\/uploads\/2017\/02\/Nagroda JS.jpg', 'https:\/\/profesorjerzysadowski.pl\/wp-content\/uploads\/2017\/02\/IMG_3420.jpg', 'https:\/\/profesorjerzysadowski.pl\/wp-content\/uploads\/2017\/02\/IMG_3397.jpg', 'https:\/\/profesorjerzysadowski.pl\/wp-content\/uploads\/2017\/02\/IMG_3407.jpg', 'https:\/\/profesorjerzysadowski.pl\/wp-content\/uploads\/2017\/02\/IMG_3421.jpg', 'https:\/\/profesorjerzysadowski.pl\/wp-content\/uploads\/2017\/09\/21743465_1569347106456919_3206998844949385596_o.jpg', 'https:\/\/profesorjerzysadowski.pl\/wp-content\/uploads\/2017\/09\/sad.jpg', 'https:\/\/profesorjerzysadowski.pl\/wp-content\/uploads\/2017\/10\/ss74.jpg']; var titles=['IMG_3464', 'IMG_3462', 'IMG_3466', 'IMG_3468', 'IMG_3469', 'IMG_3472', 'IMG_3477', 'IMG_3434', 'IMG_3430', 'IMG_3431', 'IMG_3435', 'IMG_3438', 'IMG_3439', 'IMG_3442', 'IMG_3440', 'IMG_3444', 'IMG_3446', 'IMG_3445', 'IMG_3448', 'IMG_3455', 'IMG_3452', 'IMG_3458', 'IMG_3459', '13555853_1328065900556688_1673782670_o', 'Nagroda JS', 'IMG_3420', 'IMG_3397', 'IMG_3407', 'IMG_3421', '21743465_1569347106456919_3206998844949385596_o', 'sad', 'Nagroda Prezesa Rady Ministr\u00f3w']; var descriptions=['', '', '', '', '', '', '', '', '', '', '', '', '', '', '', '', '', '', '', '', '', '', '', '', '', '', '', '', '', '', '', '']; jQuery.prettyPhoto.open(images,titles,descriptions);\" title=\"Nagrody\" style=\"cursor: pointer;\"><img class=\"dShadow trans\" src=\"https:\/\/profesorjerzysadowski.pl\/wp-content\/uploads\/2014\/11\/IMG_3464.JPG\" width='150' height='150' border=\"0\" alt=\"Nagrody\" \/><\/span><\/span>\n<p>Galeria 2:<\/p>\n<span class=\"wp-easy-gallery\"><span onclick=\"var images=['https:\/\/profesorjerzysadowski.pl\/wp-content\/uploads\/2014\/10\/dyplom.jpg', 'https:\/\/profesorjerzysadowski.pl\/wp-content\/uploads\/2014\/10\/10578715_934070769956205_11998053-1024x576.jpg', 'https:\/\/profesorjerzysadowski.pl\/wp-content\/uploads\/2014\/10\/tarnobrzeg.jpg', 'https:\/\/profesorjerzysadowski.pl\/wp-content\/uploads\/2014\/10\/serce-za-serce.jpg', 'https:\/\/profesorjerzysadowski.pl\/wp-content\/uploads\/2014\/10\/serce-za-serce-1.jpg', 'https:\/\/profesorjerzysadowski.pl\/wp-content\/uploads\/2014\/10\/prometeusz.jpg', 'https:\/\/profesorjerzysadowski.pl\/wp-content\/uploads\/2014\/10\/photo.php_.jpg', 'https:\/\/profesorjerzysadowski.pl\/wp-content\/uploads\/2014\/10\/Klub-metalowych-serc.jpg', 'https:\/\/profesorjerzysadowski.pl\/wp-content\/uploads\/2014\/10\/10580324_934074593289156_822574659_n.jpg', 'https:\/\/profesorjerzysadowski.pl\/wp-content\/uploads\/2014\/10\/10585389_934003009962981_838526531_n.jpg', 'https:\/\/profesorjerzysadowski.pl\/wp-content\/uploads\/2014\/10\/10728997_934071896622759_38565310_n.jpg', 'https:\/\/profesorjerzysadowski.pl\/wp-content\/uploads\/2014\/10\/10732471_934004346629514_1901212046_o-1024x576.jpg', 'https:\/\/profesorjerzysadowski.pl\/wp-content\/uploads\/2014\/11\/20141120_213221-1.jpg', 'https:\/\/profesorjerzysadowski.pl\/wp-content\/uploads\/2014\/10\/Rysunek5.jpg', 'https:\/\/profesorjerzysadowski.pl\/wp-content\/uploads\/2014\/10\/Rysunek6.jpg', 'https:\/\/profesorjerzysadowski.pl\/wp-content\/uploads\/2014\/10\/Rysunek8.jpg', 'https:\/\/profesorjerzysadowski.pl\/wp-content\/uploads\/2014\/10\/Rysunek7.jpg', 'https:\/\/profesorjerzysadowski.pl\/wp-content\/uploads\/2014\/10\/Rysunek777.jpg', 'https:\/\/profesorjerzysadowski.pl\/wp-content\/uploads\/2014\/11\/10263359_826292144067402_1252619594_o.jpg', 'https:\/\/profesorjerzysadowski.pl\/wp-content\/uploads\/2014\/11\/podziekowanie2001.jpg', 'https:\/\/profesorjerzysadowski.pl\/wp-content\/uploads\/2014\/11\/podziekowanie2010-1.jpg', 'https:\/\/profesorjerzysadowski.pl\/wp-content\/uploads\/2014\/11\/podziekowanie2010-2.jpg', 'https:\/\/profesorjerzysadowski.pl\/wp-content\/uploads\/2014\/11\/podziekowanie2009.jpg', 'https:\/\/profesorjerzysadowski.pl\/wp-content\/uploads\/2014\/11\/podziekowanie2010.jpg', 'https:\/\/profesorjerzysadowski.pl\/wp-content\/uploads\/2014\/11\/podziekowanie-nowak.jpg', 'https:\/\/profesorjerzysadowski.pl\/wp-content\/uploads\/2016\/10\/14589840_1227185057339794_3327076944216820635_o.jpg', 'https:\/\/profesorjerzysadowski.pl\/wp-content\/uploads\/2016\/10\/12392049_1027690003955968_2485144910438176697_n.jpg', 'https:\/\/profesorjerzysadowski.pl\/wp-content\/uploads\/2016\/10\/14469432_1224704254254541_346993976874373332_n.jpg', 'https:\/\/profesorjerzysadowski.pl\/wp-content\/uploads\/2018\/10\/rada_miasta_kola.jpg', 'https:\/\/profesorjerzysadowski.pl\/wp-content\/uploads\/2018\/10\/ambasador-zdrowia.jpg']; var titles=['Podzi\u0119kowania', 'Podzi\u0119kowania', 'Podzi\u0119kowania', 'Podzi\u0119kowania', 'Podzi\u0119kowania', 'Podzi\u0119kowania', 'Podzi\u0119kowania', 'Podzi\u0119kowania', 'Podzi\u0119kowania', 'Podzi\u0119kowania', 'Podzi\u0119kowania', 'Podzi\u0119kowania', 'Podzi\u0119kowania', 'Podzi\u0119kowania', 'Podzi\u0119kowania', 'Podzi\u0119kowania', 'Podzi\u0119kowania', 'Podzi\u0119kowania', 'Podzi\u0119kowania', 'Podzi\u0119kowania', 'Podzi\u0119kowania', 'Podzi\u0119kowania', 'Podzi\u0119kowania', 'Podzi\u0119kowania', 'Podzi\u0119kowania', 'Podzi\u0119kowania', 'Podzi\u0119kowania', 'Podzi\u0119kowania', 'rada_miasta_kola', 'ambasador-zdrowia']; var descriptions=['Podzi\u0119kowania', 'Podzi\u0119kowania', 'Podzi\u0119kowania', 'Podzi\u0119kowania', 'Podzi\u0119kowania', 'Podzi\u0119kowania', 'Podzi\u0119kowania', 'Podzi\u0119kowania', 'Podzi\u0119kowania', 'Podzi\u0119kowania', 'Podzi\u0119kowania', 'Podzi\u0119kowania', 'Podzi\u0119kowania', 'Podzi\u0119kowania', 'Podzi\u0119kowania', 'Podzi\u0119kowania', 'Podzi\u0119kowania', 'Podzi\u0119kowania', 'Podzi\u0119kowania', 'Podzi\u0119kowania', 'Podzi\u0119kowania', 'Podzi\u0119kowania', 'Podzi\u0119kowania', 'Podzi\u0119kowania', 'Podzi\u0119kowania', 'Podzi\u0119kowania', 'Podzi\u0119kowania', 'Podzi\u0119kowania', '', '']; jQuery.prettyPhoto.open(images,titles,descriptions);\" title=\"Podziekowania\" style=\"cursor: pointer;\"><img class=\"dShadow trans\" src=\"https:\/\/profesorjerzysadowski.pl\/wp-content\/uploads\/2014\/10\/serce-za-serce.jpg\" width='150' height='150' border=\"0\" alt=\"Podziekowania\" \/><\/span><\/span>\n","protected":false},"excerpt":{"rendered":"<p class=\"excerpt\">Galeria 1: Galeria 2:<\/p>\n<p class=\"more-link-p\"><a class=\"btn btn-default\" href=\"https:\/\/profesorjerzysadowski.pl\/en\/podziekowania\/\">Read more<\/a><\/p>\n","protected":false},"author":1,"featured_media":0,"parent":0,"menu_order":0,"comment_status":"closed","ping_status":"open","template":"","meta":[],"_links":{"self":[{"href":"https:\/\/profesorjerzysadowski.pl\/en\/wp-json\/wp\/v2\/pages\/120"}],"collection":[{"href":"https:\/\/profesorjerzysadowski.pl\/en\/wp-json\/wp\/v2\/pages"}],"about":[{"href":"https:\/\/profesorjerzysadowski.pl\/en\/wp-json\/wp\/v2\/types\/page"}],"author":[{"embeddable":true,"href":"https:\/\/profesorjerzysadowski.pl\/en\/wp-json\/wp\/v2\/users\/1"}],"replies":[{"embeddable":true,"href":"https:\/\/profesorjerzysadowski.pl\/en\/wp-json\/wp\/v2\/comments?post=120"}],"version-history":[{"count":9,"href":"https:\/\/profesorjerzysadowski.pl\/en\/wp-json\/wp\/v2\/pages\/120\/revisions"}],"predecessor-version":[{"id":509,"href":"https:\/\/profesorjerzysadowski.pl\/en\/wp-json\/wp\/v2\/pages\/120\/revisions\/509"}],"wp:attachment":[{"href":"https:\/\/profesorjerzysadowski.pl\/en\/wp-json\/wp\/v2\/media?parent=120"}],"curies":[{"name":"wp","href":"https:\/\/api.w.org\/{rel}","templated":true}]}}